{"id":286,"date":"2026-01-18T23:52:22","date_gmt":"2026-01-18T23:52:22","guid":{"rendered":"https:\/\/christofmartin.de\/?page_id=286"},"modified":"2026-02-15T14:52:51","modified_gmt":"2026-02-15T14:52:51","slug":"ueber-mich","status":"publish","type":"page","link":"https:\/\/christofmartin.de\/?page_id=286","title":{"rendered":"\u00dcber mich"},"content":{"rendered":"\t\t<div data-elementor-type=\"wp-page\" data-elementor-id=\"286\" class=\"elementor elementor-286\">\n\t\t\t\t\t\t<section class=\"elementor-section elementor-top-section elementor-element elementor-element-94d5aa0 elementor-section-boxed elementor-section-height-default elementor-section-height-default\" data-id=\"94d5aa0\" data-element_type=\"section\">\n\t\t\t\t\t\t<div class=\"elementor-container elementor-column-gap-default\">\n\t\t\t\t\t<div class=\"elementor-column elementor-col-100 elementor-top-column elementor-element elementor-element-5f5fac5\" data-id=\"5f5fac5\" data-element_type=\"column\">\n\t\t\t<div class=\"elementor-widget-wrap elementor-element-populated\">\n\t\t\t\t\t\t<div class=\"elementor-element elementor-element-472c1df elementor-widget__width-initial elementor-widget elementor-widget-text-editor\" data-id=\"472c1df\" data-element_type=\"widget\" data-widget_type=\"text-editor.default\">\n\t\t\t\t<div class=\"elementor-widget-container\">\n\t\t\t\t\t\t\t\t\t<p data-start=\"373\" data-end=\"627\">Christof A. Martin arbeitet an der Schnittstelle von Fotografie und Medienkunst.<br data-start=\"453\" data-end=\"456\" \/>Seine Arbeiten befassen sich mit R\u00e4umen, Strukturen und Situationen des Alltags und untersuchen, wie gebaute Umgebungen Wahrnehmung, Bewegung und Pr\u00e4senz beeinflussen.<\/p><p data-start=\"634\" data-end=\"889\">Der Mensch steht dabei nicht immer als Figur im Zentrum. H\u00e4ufig wird er als Ma\u00dfstab, Spur oder gedachte Pr\u00e4senz sichtbar. Architektur und Raum fungieren nicht als Hintergrund, sondern als aktive Systeme, die ordnen, begrenzen und Beziehungen herstellen.<\/p><p data-start=\"896\" data-end=\"1181\">Die fotografischen Arbeiten entstehen h\u00e4ufig unterwegs und ortsbezogen. Reisen und wechselnde Kontexte sind Teil der Arbeitsweise: Beobachten, Gehen, Innehalten und erneutes Sehen. Orte werden nicht dokumentiert, sondern als r\u00e4umliche Situationen gelesen und fotografisch untersucht.<\/p><p data-start=\"1188\" data-end=\"1399\">Die Arbeiten bewegen sich zwischen dokumentarischer Beobachtung, Abstraktion und konzeptueller Reduktion. Erg\u00e4nzt werden sie durch medienk\u00fcnstlerische Projekte, die mit Zeit, Bewegung und Interaktion arbeiten.<\/p><p data-start=\"1406\" data-end=\"1686\">Zentrales Interesse ist das Spannungsfeld zwischen individueller Wahrnehmung und gesellschaftlicher Struktur \u2013 zwischen N\u00e4he und Distanz, Ordnung und Offenheit. Die Arbeiten verstehen sich weniger als abgeschlossene Erz\u00e4hlungen, sondern als Angebote zur Betrachtung und Reflexion.<\/p><p data-start=\"1406\" data-end=\"1686\">Austellungen:<\/p><p data-start=\"1406\" data-end=\"1686\">2020\u00a0 mit Franz Martin, Dahn<\/p><p data-start=\"1406\" data-end=\"1686\">2021\u00a0 EVBK, Pr\u00fcm<\/p><p data-start=\"1406\" data-end=\"1686\">2023\u00a0 Mit Franz Martin und Christa Witte, Dahn<\/p><p>2025\u00a0 Jubil\u00e4umsausstellung 40 Jahre Kreisgalerie Dahn<\/p>\t\t\t\t\t\t\t\t<\/div>\n\t\t\t\t<\/div>\n\t\t\t\t<div class=\"elementor-element elementor-element-1c31e4a elementor-widget__width-initial elementor-absolute elementor-widget elementor-widget-image\" data-id=\"1c31e4a\" data-element_type=\"widget\" data-settings=\"{&quot;_position&quot;:&quot;absolute&quot;}\" data-widget_type=\"image.default\">\n\t\t\t\t<div class=\"elementor-widget-container\">\n\t\t\t\t\t\t\t\t\t\t\t\t\t\t\t<img fetchpriority=\"high\" decoding=\"async\" width=\"225\" height=\"300\" src=\"https:\/\/christofmartin.de\/wp-content\/uploads\/2026\/01\/d574f78a-5640-49a9-85c8-a7d7b2429e24-225x300.jpg\" class=\"attachment-medium size-medium wp-image-301\" alt=\"\" srcset=\"https:\/\/christofmartin.de\/wp-content\/uploads\/2026\/01\/d574f78a-5640-49a9-85c8-a7d7b2429e24-225x300.jpg 225w, https:\/\/christofmartin.de\/wp-content\/uploads\/2026\/01\/d574f78a-5640-49a9-85c8-a7d7b2429e24-768x1024.jpg 768w, https:\/\/christofmartin.de\/wp-content\/uploads\/2026\/01\/d574f78a-5640-49a9-85c8-a7d7b2429e24-1152x1536.jpg 1152w, https:\/\/christofmartin.de\/wp-content\/uploads\/2026\/01\/d574f78a-5640-49a9-85c8-a7d7b2429e24-600x800.jpg 600w, https:\/\/christofmartin.de\/wp-content\/uploads\/2026\/01\/d574f78a-5640-49a9-85c8-a7d7b2429e24.jpg 1536w\" sizes=\"(max-width: 225px) 100vw, 225px\" \/>\t\t\t\t\t\t\t\t\t\t\t\t\t\t\t<\/div>\n\t\t\t\t<\/div>\n\t\t\t\t\t<\/div>\n\t\t<\/div>\n\t\t\t\t\t<\/div>\n\t\t<\/section>\n\t\t\t\t<\/div>\n\t\t","protected":false},"excerpt":{"rendered":"<p>Christof A. Martin arbeitet an der Schnittstelle von Fotografie und Medienkunst.Seine Arbeiten befassen sich mit R\u00e4umen, Strukturen und Situationen des Alltags und untersuchen, wie gebaute Umgebungen Wahrnehmung, Bewegung und Pr\u00e4senz beeinflussen. Der Mensch steht dabei nicht immer als Figur im Zentrum. H\u00e4ufig wird er als &hellip; <a href=\"https:\/\/christofmartin.de\/?page_id=286\" class=\"more-link\"><span>Continue reading<span class=\"screen-reader-text\">\u00dcber mich<\/span><\/span><\/a><\/p>\n","protected":false},"author":1,"featured_media":0,"parent":0,"menu_order":0,"comment_status":"closed","ping_status":"closed","template":"","meta":{"footnotes":""},"class_list":["post-286","page","type-page","status-publish","hentry"],"_links":{"self":[{"href":"https:\/\/christofmartin.de\/index.php?rest_route=\/wp\/v2\/pages\/286","targetHints":{"allow":["GET"]}}],"collection":[{"href":"https:\/\/christofmartin.de\/index.php?rest_route=\/wp\/v2\/pages"}],"about":[{"href":"https:\/\/christofmartin.de\/index.php?rest_route=\/wp\/v2\/types\/page"}],"author":[{"embeddable":true,"href":"https:\/\/christofmartin.de\/index.php?rest_route=\/wp\/v2\/users\/1"}],"replies":[{"embeddable":true,"href":"https:\/\/christofmartin.de\/index.php?rest_route=%2Fwp%2Fv2%2Fcomments&post=286"}],"version-history":[{"count":32,"href":"https:\/\/christofmartin.de\/index.php?rest_route=\/wp\/v2\/pages\/286\/revisions"}],"predecessor-version":[{"id":392,"href":"https:\/\/christofmartin.de\/index.php?rest_route=\/wp\/v2\/pages\/286\/revisions\/392"}],"wp:attachment":[{"href":"https:\/\/christofmartin.de\/index.php?rest_route=%2Fwp%2Fv2%2Fmedia&parent=286"}],"curies":[{"name":"wp","href":"https:\/\/api.w.org\/{rel}","templated":true}]}}