{"id":254,"date":"2026-01-18T22:25:18","date_gmt":"2026-01-18T22:25:18","guid":{"rendered":"https:\/\/christofmartin.de\/?page_id=254"},"modified":"2026-02-28T23:17:02","modified_gmt":"2026-02-28T23:17:02","slug":"new-media-art","status":"publish","type":"page","link":"https:\/\/christofmartin.de\/?page_id=254","title":{"rendered":"New Media Art"},"content":{"rendered":"\t\t<div data-elementor-type=\"wp-page\" data-elementor-id=\"254\" class=\"elementor elementor-254\">\n\t\t\t\t\t\t<section class=\"elementor-section elementor-top-section elementor-element elementor-element-4f7cda6 elementor-section-boxed elementor-section-height-default elementor-section-height-default\" data-id=\"4f7cda6\" data-element_type=\"section\">\n\t\t\t\t\t\t<div class=\"elementor-container elementor-column-gap-default\">\n\t\t\t\t\t<div class=\"elementor-column elementor-col-100 elementor-top-column elementor-element elementor-element-d1a662a\" data-id=\"d1a662a\" data-element_type=\"column\">\n\t\t\t<div class=\"elementor-widget-wrap elementor-element-populated\">\n\t\t\t\t\t\t<div class=\"elementor-element elementor-element-6b69a29 elementor-widget elementor-widget-text-editor\" data-id=\"6b69a29\" data-element_type=\"widget\" data-widget_type=\"text-editor.default\">\n\t\t\t\t<div class=\"elementor-widget-container\">\n\t\t\t\t\t\t\t\t\t<p style=\"text-align: left;\"><strong><span style=\"color: #3366ff;\">Peace &amp; Freedom \u2013 Interaktive Medienkunst-Installation<br \/><\/span><\/strong>Peace &amp; Freedom ist eine interaktive Medienkunst-Installation in Form einer S\u00e4ule. Besucherinnen und Besucher k\u00f6nnen durch eine einfache Handlung zwischen audiovisuellen Sequenzen wechseln, die Krieg und Frieden gegen\u00fc berstellen. Die Arbeit macht den Zusammenhang zwischen individueller Entscheidung, medialer Wahrnehmung und gesellschaftlicher Verantwortung unmittelbar erfahrbar.<\/p><p style=\"text-align: left;\"><strong><span style=\"color: #3366ff;\">K\u00fcnstlerisches Anliegen<br \/><\/span><\/strong>Die Installation untersucht politische Gegenwart jenseits didaktischer Vermittlung. Durch die aktive Beteiligung des Publikums wird Wahrnehmung selbst zur Handlung. Peace &amp; Freedom thematisiert Verantwortung, Entscheidung und mediale Bilder in einer von Krisen und Konflikten gepr\u00e4 gten Gegenwart.<\/p><p style=\"text-align: left;\"><strong><span style=\"color: #3366ff;\">Interaktion &amp; Form<\/span><\/strong>&#8211; freistehende S\u00e4ule- aktive Beteiligung des Publikums- unmittelbarer Wechsel der Bilder- niedrige Nutzungsschwelle, hohe emotionale Wirkung<\/p>\t\t\t\t\t\t\t\t<\/div>\n\t\t\t\t<\/div>\n\t\t\t\t\t<\/div>\n\t\t<\/div>\n\t\t\t\t\t<\/div>\n\t\t<\/section>\n\t\t\t\t<section class=\"elementor-section elementor-top-section elementor-element elementor-element-e121399 elementor-section-boxed elementor-section-height-default elementor-section-height-default\" data-id=\"e121399\" data-element_type=\"section\">\n\t\t\t\t\t\t<div class=\"elementor-container elementor-column-gap-default\">\n\t\t\t\t\t<div class=\"elementor-column elementor-col-100 elementor-top-column elementor-element elementor-element-4388fd6\" data-id=\"4388fd6\" data-element_type=\"column\">\n\t\t\t<div class=\"elementor-widget-wrap elementor-element-populated\">\n\t\t\t\t\t\t<div class=\"elementor-element elementor-element-e44f60f elementor-widget elementor-widget-video\" data-id=\"e44f60f\" data-element_type=\"widget\" data-settings=\"{&quot;video_type&quot;:&quot;vimeo&quot;}\" data-widget_type=\"video.default\">\n\t\t\t\t<div class=\"elementor-widget-container\">\n\t\t\t\t\t\t\t<div class=\"elementor-wrapper elementor-open-inline\">\n\t\t\t<iframe class=\"elementor-video-iframe\" allowfullscreen allow=\"clipboard-write\" title=\"vimeo Video Player\" src=\"https:\/\/player.vimeo.com\/video\/1149543905?color&amp;autopause=0&amp;loop=0&amp;muted=0&amp;title=1&amp;portrait=1&amp;byline=1#t=\"><\/iframe>\t\t<\/div>\n\t\t\t\t\t\t<\/div>\n\t\t\t\t<\/div>\n\t\t\t\t\t<\/div>\n\t\t<\/div>\n\t\t\t\t\t<\/div>\n\t\t<\/section>\n\t\t\t\t<section class=\"elementor-section elementor-top-section elementor-element elementor-element-cb0c71f elementor-section-boxed elementor-section-height-default elementor-section-height-default\" data-id=\"cb0c71f\" data-element_type=\"section\">\n\t\t\t\t\t\t<div class=\"elementor-container elementor-column-gap-default\">\n\t\t\t\t\t<div class=\"elementor-column elementor-col-100 elementor-top-column elementor-element elementor-element-91d288d\" data-id=\"91d288d\" data-element_type=\"column\">\n\t\t\t<div class=\"elementor-widget-wrap elementor-element-populated\">\n\t\t\t\t\t\t<div class=\"elementor-element elementor-element-ee603c1 elementor-widget elementor-widget-image\" data-id=\"ee603c1\" data-element_type=\"widget\" data-widget_type=\"image.default\">\n\t\t\t\t<div class=\"elementor-widget-container\">\n\t\t\t\t\t\t\t\t\t\t\t\t\t\t\t<img fetchpriority=\"high\" decoding=\"async\" width=\"768\" height=\"1024\" src=\"https:\/\/christofmartin.de\/wp-content\/uploads\/2026\/02\/IMG_1300-768x1024.webp\" class=\"attachment-large size-large wp-image-466\" alt=\"\" srcset=\"https:\/\/christofmartin.de\/wp-content\/uploads\/2026\/02\/IMG_1300-768x1024.webp 768w, https:\/\/christofmartin.de\/wp-content\/uploads\/2026\/02\/IMG_1300-225x300.webp 225w, https:\/\/christofmartin.de\/wp-content\/uploads\/2026\/02\/IMG_1300-1152x1536.webp 1152w, https:\/\/christofmartin.de\/wp-content\/uploads\/2026\/02\/IMG_1300-scaled.webp 1440w, https:\/\/christofmartin.de\/wp-content\/uploads\/2026\/02\/IMG_1300-600x800.webp 600w\" sizes=\"(max-width: 768px) 100vw, 768px\" \/>\t\t\t\t\t\t\t\t\t\t\t\t\t\t\t<\/div>\n\t\t\t\t<\/div>\n\t\t\t\t<div class=\"elementor-element elementor-element-bceddff elementor-widget elementor-widget-image\" data-id=\"bceddff\" data-element_type=\"widget\" data-widget_type=\"image.default\">\n\t\t\t\t<div class=\"elementor-widget-container\">\n\t\t\t\t\t\t\t\t\t\t\t\t\t\t\t<img decoding=\"async\" width=\"768\" height=\"1024\" src=\"https:\/\/christofmartin.de\/wp-content\/uploads\/2026\/02\/IMG_1394-768x1024.webp\" class=\"attachment-large size-large wp-image-465\" alt=\"\" srcset=\"https:\/\/christofmartin.de\/wp-content\/uploads\/2026\/02\/IMG_1394-768x1024.webp 768w, https:\/\/christofmartin.de\/wp-content\/uploads\/2026\/02\/IMG_1394-225x300.webp 225w, https:\/\/christofmartin.de\/wp-content\/uploads\/2026\/02\/IMG_1394-1152x1536.webp 1152w, https:\/\/christofmartin.de\/wp-content\/uploads\/2026\/02\/IMG_1394-scaled.webp 1440w, https:\/\/christofmartin.de\/wp-content\/uploads\/2026\/02\/IMG_1394-600x800.webp 600w\" sizes=\"(max-width: 768px) 100vw, 768px\" \/>\t\t\t\t\t\t\t\t\t\t\t\t\t\t\t<\/div>\n\t\t\t\t<\/div>\n\t\t\t\t\t<\/div>\n\t\t<\/div>\n\t\t\t\t\t<\/div>\n\t\t<\/section>\n\t\t\t\t<section class=\"elementor-section elementor-top-section elementor-element elementor-element-1c8cde1 elementor-section-boxed elementor-section-height-default elementor-section-height-default\" data-id=\"1c8cde1\" data-element_type=\"section\">\n\t\t\t\t\t\t<div class=\"elementor-container elementor-column-gap-default\">\n\t\t\t\t\t<div class=\"elementor-column elementor-col-100 elementor-top-column elementor-element elementor-element-051fbf3\" data-id=\"051fbf3\" data-element_type=\"column\">\n\t\t\t<div class=\"elementor-widget-wrap elementor-element-populated\">\n\t\t\t\t\t\t<div class=\"elementor-element elementor-element-7265a90 elementor-widget__width-initial elementor-widget elementor-widget-image\" data-id=\"7265a90\" data-element_type=\"widget\" data-widget_type=\"image.default\">\n\t\t\t\t<div class=\"elementor-widget-container\">\n\t\t\t\t\t\t\t\t\t\t\t\t\t\t\t<img decoding=\"async\" width=\"768\" height=\"1024\" src=\"https:\/\/christofmartin.de\/wp-content\/uploads\/2026\/02\/IMG_1384-768x1024.webp\" class=\"attachment-large size-large wp-image-464\" alt=\"\" srcset=\"https:\/\/christofmartin.de\/wp-content\/uploads\/2026\/02\/IMG_1384-768x1024.webp 768w, https:\/\/christofmartin.de\/wp-content\/uploads\/2026\/02\/IMG_1384-225x300.webp 225w, https:\/\/christofmartin.de\/wp-content\/uploads\/2026\/02\/IMG_1384-1152x1536.webp 1152w, https:\/\/christofmartin.de\/wp-content\/uploads\/2026\/02\/IMG_1384-scaled.webp 1440w, https:\/\/christofmartin.de\/wp-content\/uploads\/2026\/02\/IMG_1384-600x800.webp 600w\" sizes=\"(max-width: 768px) 100vw, 768px\" \/>\t\t\t\t\t\t\t\t\t\t\t\t\t\t\t<\/div>\n\t\t\t\t<\/div>\n\t\t\t\t\t<\/div>\n\t\t<\/div>\n\t\t\t\t\t<\/div>\n\t\t<\/section>\n\t\t\t\t<section class=\"elementor-section elementor-top-section elementor-element elementor-element-beaedbf elementor-section-boxed elementor-section-height-default elementor-section-height-default\" data-id=\"beaedbf\" data-element_type=\"section\">\n\t\t\t\t\t\t<div class=\"elementor-container elementor-column-gap-default\">\n\t\t\t\t\t<div class=\"elementor-column elementor-col-100 elementor-top-column elementor-element elementor-element-6ef7fb0\" data-id=\"6ef7fb0\" data-element_type=\"column\">\n\t\t\t<div class=\"elementor-widget-wrap elementor-element-populated\">\n\t\t\t\t\t\t<div class=\"elementor-element elementor-element-c366531 elementor-widget-divider--view-line elementor-widget elementor-widget-divider\" data-id=\"c366531\" data-element_type=\"widget\" data-widget_type=\"divider.default\">\n\t\t\t\t<div class=\"elementor-widget-container\">\n\t\t\t\t\t\t\t<div class=\"elementor-divider\">\n\t\t\t<span class=\"elementor-divider-separator\">\n\t\t\t\t\t\t<\/span>\n\t\t<\/div>\n\t\t\t\t\t\t<\/div>\n\t\t\t\t<\/div>\n\t\t\t\t\t<\/div>\n\t\t<\/div>\n\t\t\t\t\t<\/div>\n\t\t<\/section>\n\t\t\t\t<section class=\"elementor-section elementor-top-section elementor-element elementor-element-a4c6c04 elementor-section-boxed elementor-section-height-default elementor-section-height-default\" data-id=\"a4c6c04\" data-element_type=\"section\">\n\t\t\t\t\t\t<div class=\"elementor-container elementor-column-gap-default\">\n\t\t\t\t\t<div class=\"elementor-column elementor-col-100 elementor-top-column elementor-element elementor-element-a3aeee6\" data-id=\"a3aeee6\" data-element_type=\"column\">\n\t\t\t<div class=\"elementor-widget-wrap elementor-element-populated\">\n\t\t\t\t\t\t<div class=\"elementor-element elementor-element-490b6fa elementor-widget elementor-widget-heading\" data-id=\"490b6fa\" data-element_type=\"widget\" data-widget_type=\"heading.default\">\n\t\t\t\t<div class=\"elementor-widget-container\">\n\t\t\t\t\t<h3 class=\"elementor-heading-title elementor-size-default\">Parallelraum<\/h3>\t\t\t\t<\/div>\n\t\t\t\t<\/div>\n\t\t\t\t\t<\/div>\n\t\t<\/div>\n\t\t\t\t\t<\/div>\n\t\t<\/section>\n\t\t\t\t<section class=\"elementor-section elementor-top-section elementor-element elementor-element-d06b4c0 elementor-section-boxed elementor-section-height-default elementor-section-height-default\" data-id=\"d06b4c0\" data-element_type=\"section\">\n\t\t\t\t\t\t<div class=\"elementor-container elementor-column-gap-default\">\n\t\t\t\t\t<div class=\"elementor-column elementor-col-100 elementor-top-column elementor-element elementor-element-2e3f08f\" data-id=\"2e3f08f\" data-element_type=\"column\">\n\t\t\t<div class=\"elementor-widget-wrap elementor-element-populated\">\n\t\t\t\t\t\t<div class=\"elementor-element elementor-element-a2e1434 elementor-widget elementor-widget-text-editor\" data-id=\"a2e1434\" data-element_type=\"widget\" data-widget_type=\"text-editor.default\">\n\t\t\t\t<div class=\"elementor-widget-container\">\n\t\t\t\t\t\t\t\t\t<p>Die Installation nutzt das Sichtfenster einer T\u00fcr als Schnittstelle zwischen realem Raum und bewegtem Bild. Hinter der scheinbar privaten Schwelle erscheinen wechselnde Szenen \u2013 vorbeiziehende Menschen oder die endlose Bewegung des Meeres \u2013 und erzeugen die Illusion eines Raumes direkt hinter der T\u00fcr. So entsteht ein Spiel mit Wahrnehmung, N\u00e4he und der Frage, was wir als Wirklichkeit akzeptieren.<\/p><p>Die Installation kann w\u00e4hrend der regul\u00e4ren \u00d6ffnungszeiten in der Kreisgalerie Dahn besucht werden.<\/p>\t\t\t\t\t\t\t\t<\/div>\n\t\t\t\t<\/div>\n\t\t\t\t\t<\/div>\n\t\t<\/div>\n\t\t\t\t\t<\/div>\n\t\t<\/section>\n\t\t\t\t<section class=\"elementor-section elementor-top-section elementor-element elementor-element-86e4d16 elementor-section-boxed elementor-section-height-default elementor-section-height-default\" data-id=\"86e4d16\" data-element_type=\"section\">\n\t\t\t\t\t\t<div class=\"elementor-container elementor-column-gap-default\">\n\t\t\t\t\t<div class=\"elementor-column elementor-col-100 elementor-top-column elementor-element elementor-element-39b00d6\" data-id=\"39b00d6\" data-element_type=\"column\">\n\t\t\t<div class=\"elementor-widget-wrap elementor-element-populated\">\n\t\t\t\t\t\t<div class=\"elementor-element elementor-element-8797359 elementor-widget elementor-widget-video\" data-id=\"8797359\" data-element_type=\"widget\" data-settings=\"{&quot;youtube_url&quot;:&quot;https:\\\/\\\/youtu.be\\\/dFuhOYOukbA&quot;,&quot;video_type&quot;:&quot;youtube&quot;,&quot;controls&quot;:&quot;yes&quot;}\" data-widget_type=\"video.default\">\n\t\t\t\t<div class=\"elementor-widget-container\">\n\t\t\t\t\t\t\t<div class=\"elementor-wrapper elementor-open-inline\">\n\t\t\t<div class=\"elementor-video\"><\/div>\t\t<\/div>\n\t\t\t\t\t\t<\/div>\n\t\t\t\t<\/div>\n\t\t\t\t\t<\/div>\n\t\t<\/div>\n\t\t\t\t\t<\/div>\n\t\t<\/section>\n\t\t\t\t<section class=\"elementor-section elementor-top-section elementor-element elementor-element-36dcc52 elementor-section-boxed elementor-section-height-default elementor-section-height-default\" data-id=\"36dcc52\" data-element_type=\"section\">\n\t\t\t\t\t\t<div class=\"elementor-container elementor-column-gap-default\">\n\t\t\t\t\t<div class=\"elementor-column elementor-col-100 elementor-top-column elementor-element elementor-element-8c745a9\" data-id=\"8c745a9\" data-element_type=\"column\">\n\t\t\t<div class=\"elementor-widget-wrap elementor-element-populated\">\n\t\t\t\t\t\t<div class=\"elementor-element elementor-element-8b1069a elementor-widget elementor-widget-image\" data-id=\"8b1069a\" data-element_type=\"widget\" data-widget_type=\"image.default\">\n\t\t\t\t<div class=\"elementor-widget-container\">\n\t\t\t\t\t\t\t\t\t\t\t\t\t\t\t<img loading=\"lazy\" decoding=\"async\" width=\"1000\" height=\"667\" src=\"https:\/\/christofmartin.de\/wp-content\/uploads\/2026\/02\/DSC_0243-1024x683.jpg\" class=\"attachment-large size-large wp-image-481\" alt=\"\" srcset=\"https:\/\/christofmartin.de\/wp-content\/uploads\/2026\/02\/DSC_0243-1024x683.jpg 1024w, https:\/\/christofmartin.de\/wp-content\/uploads\/2026\/02\/DSC_0243-300x200.jpg 300w, https:\/\/christofmartin.de\/wp-content\/uploads\/2026\/02\/DSC_0243-768x512.jpg 768w, https:\/\/christofmartin.de\/wp-content\/uploads\/2026\/02\/DSC_0243-1536x1024.jpg 1536w, https:\/\/christofmartin.de\/wp-content\/uploads\/2026\/02\/DSC_0243-2048x1365.jpg 2048w, https:\/\/christofmartin.de\/wp-content\/uploads\/2026\/02\/DSC_0243-600x400.jpg 600w\" sizes=\"(max-width: 1000px) 100vw, 1000px\" \/>\t\t\t\t\t\t\t\t\t\t\t\t\t\t\t<\/div>\n\t\t\t\t<\/div>\n\t\t\t\t\t<\/div>\n\t\t<\/div>\n\t\t\t\t\t<\/div>\n\t\t<\/section>\n\t\t\t\t<section class=\"elementor-section elementor-top-section elementor-element elementor-element-cb4010d elementor-section-boxed elementor-section-height-default elementor-section-height-default\" data-id=\"cb4010d\" data-element_type=\"section\">\n\t\t\t\t\t\t<div class=\"elementor-container elementor-column-gap-default\">\n\t\t\t\t\t<div class=\"elementor-column elementor-col-100 elementor-top-column elementor-element elementor-element-5a3ce61\" data-id=\"5a3ce61\" data-element_type=\"column\">\n\t\t\t<div class=\"elementor-widget-wrap elementor-element-populated\">\n\t\t\t\t\t\t<div class=\"elementor-element elementor-element-0f826e6 elementor-widget elementor-widget-image\" data-id=\"0f826e6\" data-element_type=\"widget\" data-widget_type=\"image.default\">\n\t\t\t\t<div class=\"elementor-widget-container\">\n\t\t\t\t\t\t\t\t\t\t\t\t\t\t\t<img loading=\"lazy\" decoding=\"async\" width=\"1000\" height=\"750\" src=\"https:\/\/christofmartin.de\/wp-content\/uploads\/2026\/02\/P1011132-1024x768.jpg\" class=\"attachment-large size-large wp-image-482\" alt=\"\" srcset=\"https:\/\/christofmartin.de\/wp-content\/uploads\/2026\/02\/P1011132-1024x768.jpg 1024w, https:\/\/christofmartin.de\/wp-content\/uploads\/2026\/02\/P1011132-300x225.jpg 300w, https:\/\/christofmartin.de\/wp-content\/uploads\/2026\/02\/P1011132-768x576.jpg 768w, https:\/\/christofmartin.de\/wp-content\/uploads\/2026\/02\/P1011132-1536x1152.jpg 1536w, https:\/\/christofmartin.de\/wp-content\/uploads\/2026\/02\/P1011132-2048x1536.jpg 2048w, https:\/\/christofmartin.de\/wp-content\/uploads\/2026\/02\/P1011132-600x450.jpg 600w\" sizes=\"(max-width: 1000px) 100vw, 1000px\" \/>\t\t\t\t\t\t\t\t\t\t\t\t\t\t\t<\/div>\n\t\t\t\t<\/div>\n\t\t\t\t<div class=\"elementor-element elementor-element-2a43e59 elementor-widget-divider--view-line elementor-widget elementor-widget-divider\" data-id=\"2a43e59\" data-element_type=\"widget\" data-widget_type=\"divider.default\">\n\t\t\t\t<div class=\"elementor-widget-container\">\n\t\t\t\t\t\t\t<div class=\"elementor-divider\">\n\t\t\t<span class=\"elementor-divider-separator\">\n\t\t\t\t\t\t<\/span>\n\t\t<\/div>\n\t\t\t\t\t\t<\/div>\n\t\t\t\t<\/div>\n\t\t\t\t\t<\/div>\n\t\t<\/div>\n\t\t\t\t\t<\/div>\n\t\t<\/section>\n\t\t\t\t<section class=\"elementor-section elementor-top-section elementor-element elementor-element-d026153 elementor-section-boxed elementor-section-height-default elementor-section-height-default\" data-id=\"d026153\" data-element_type=\"section\">\n\t\t\t\t\t\t<div class=\"elementor-container elementor-column-gap-default\">\n\t\t\t\t\t<div class=\"elementor-column elementor-col-100 elementor-top-column elementor-element elementor-element-a96d9d4\" data-id=\"a96d9d4\" data-element_type=\"column\">\n\t\t\t<div class=\"elementor-widget-wrap elementor-element-populated\">\n\t\t\t\t\t\t<div class=\"elementor-element elementor-element-64ed93e elementor-widget elementor-widget-text-editor\" data-id=\"64ed93e\" data-element_type=\"widget\" data-widget_type=\"text-editor.default\">\n\t\t\t\t<div class=\"elementor-widget-container\">\n\t\t\t\t\t\t\t\t\t<p style=\"text-align: center;\" data-start=\"137\" data-end=\"176\"><span style=\"color: #3366ff;\"><strong data-start=\"137\" data-end=\"176\">Containerfeld \u2013 digitale Verformung<\/strong><\/span><\/p><p data-start=\"178\" data-end=\"427\">Die Arbeit basiert auf einem fotografischen Panorama einer Containeranlage im Bereich der Warenlogistik. Ausgangspunkt ist ein realer Ort funktionaler Ordnung, gepr\u00e4gt von standardisierten Strukturen, Wiederholung und industrieller Zweckm\u00e4\u00dfigkeit.<\/p><p data-start=\"429\" data-end=\"774\">Durch eine digitale Transformation wird dieses Panorama in einen permanenten Zustand der Verformung versetzt. Die klare Geometrie der Container beginnt sich zu kr\u00fcmmen, Perspektiven verschieben sich, Raum und Orientierung l\u00f6sen sich auf. Aus einer dokumentarischen Aufnahme entsteht ein dynamisches Bildfeld, das sich kontinuierlich ver\u00e4ndert.<\/p><p data-start=\"776\" data-end=\"1019\">Die Installation thematisiert die Wahrnehmung von Raum in einer globalisierten Infrastruktur. Zwischen Kontrolle und Instabilit\u00e4t entsteht ein visuelles Spannungsfeld, das den Blick auf scheinbar vertraute industrielle Landschaften neu \u00f6ffnet.<\/p>\t\t\t\t\t\t\t\t<\/div>\n\t\t\t\t<\/div>\n\t\t\t\t\t<\/div>\n\t\t<\/div>\n\t\t\t\t\t<\/div>\n\t\t<\/section>\n\t\t\t\t<section class=\"elementor-section elementor-top-section elementor-element elementor-element-d48ca8e elementor-section-boxed elementor-section-height-default elementor-section-height-default\" data-id=\"d48ca8e\" data-element_type=\"section\">\n\t\t\t\t\t\t<div class=\"elementor-container elementor-column-gap-default\">\n\t\t\t\t\t<div class=\"elementor-column elementor-col-100 elementor-top-column elementor-element elementor-element-99ecd6f\" data-id=\"99ecd6f\" data-element_type=\"column\">\n\t\t\t<div class=\"elementor-widget-wrap elementor-element-populated\">\n\t\t\t\t\t\t<div class=\"elementor-element elementor-element-f758fdc elementor-widget elementor-widget-image\" data-id=\"f758fdc\" data-element_type=\"widget\" data-widget_type=\"image.default\">\n\t\t\t\t<div class=\"elementor-widget-container\">\n\t\t\t\t\t\t\t\t\t\t\t\t\t\t\t<img loading=\"lazy\" decoding=\"async\" width=\"1000\" height=\"705\" src=\"https:\/\/christofmartin.de\/wp-content\/uploads\/2026\/01\/container_city-1024x722.jpg\" class=\"attachment-large size-large wp-image-267\" alt=\"\" srcset=\"https:\/\/christofmartin.de\/wp-content\/uploads\/2026\/01\/container_city-1024x722.jpg 1024w, https:\/\/christofmartin.de\/wp-content\/uploads\/2026\/01\/container_city-300x212.jpg 300w, https:\/\/christofmartin.de\/wp-content\/uploads\/2026\/01\/container_city-768x542.jpg 768w, https:\/\/christofmartin.de\/wp-content\/uploads\/2026\/01\/container_city-600x423.jpg 600w, https:\/\/christofmartin.de\/wp-content\/uploads\/2026\/01\/container_city.webp 1418w\" sizes=\"(max-width: 1000px) 100vw, 1000px\" \/>\t\t\t\t\t\t\t\t\t\t\t\t\t\t\t<\/div>\n\t\t\t\t<\/div>\n\t\t\t\t\t<\/div>\n\t\t<\/div>\n\t\t\t\t\t<\/div>\n\t\t<\/section>\n\t\t\t\t<section class=\"elementor-section elementor-top-section elementor-element elementor-element-6c3b398 elementor-section-boxed elementor-section-height-default elementor-section-height-default\" data-id=\"6c3b398\" data-element_type=\"section\">\n\t\t\t\t\t\t<div class=\"elementor-container elementor-column-gap-default\">\n\t\t\t\t\t<div class=\"elementor-column elementor-col-100 elementor-top-column elementor-element elementor-element-652c1b5\" data-id=\"652c1b5\" data-element_type=\"column\">\n\t\t\t<div class=\"elementor-widget-wrap elementor-element-populated\">\n\t\t\t\t\t\t<div class=\"elementor-element elementor-element-3ba76f4 elementor-widget elementor-widget-video\" data-id=\"3ba76f4\" data-element_type=\"widget\" data-settings=\"{&quot;youtube_url&quot;:&quot;https:\\\/\\\/youtu.be\\\/grsbMniZ0W4&quot;,&quot;video_type&quot;:&quot;youtube&quot;,&quot;controls&quot;:&quot;yes&quot;}\" data-widget_type=\"video.default\">\n\t\t\t\t<div class=\"elementor-widget-container\">\n\t\t\t\t\t\t\t<div class=\"elementor-wrapper elementor-open-inline\">\n\t\t\t<div class=\"elementor-video\"><\/div>\t\t<\/div>\n\t\t\t\t\t\t<\/div>\n\t\t\t\t<\/div>\n\t\t\t\t<div class=\"elementor-element elementor-element-a3f88d7 elementor-widget-divider--view-line elementor-widget elementor-widget-divider\" data-id=\"a3f88d7\" data-element_type=\"widget\" data-widget_type=\"divider.default\">\n\t\t\t\t<div class=\"elementor-widget-container\">\n\t\t\t\t\t\t\t<div class=\"elementor-divider\">\n\t\t\t<span class=\"elementor-divider-separator\">\n\t\t\t\t\t\t<\/span>\n\t\t<\/div>\n\t\t\t\t\t\t<\/div>\n\t\t\t\t<\/div>\n\t\t\t\t<div class=\"elementor-element elementor-element-7e08973 elementor-widget elementor-widget-text-editor\" data-id=\"7e08973\" data-element_type=\"widget\" data-widget_type=\"text-editor.default\">\n\t\t\t\t<div class=\"elementor-widget-container\">\n\t\t\t\t\t\t\t\t\t<p style=\"text-align: center;\" data-start=\"140\" data-end=\"188\"><strong data-start=\"140\" data-end=\"188\">360\u00d7180\u00b0 Panorama \u2013 Raumklang als Erinnerung<\/strong><\/p><p data-start=\"190\" data-end=\"489\">Die Arbeit basiert auf einem vollst\u00e4ndigen 360\u00d7180-Grad-Panorama, das nicht nur den visuellen Raum erfasst, sondern auch dessen akustische Atmosph\u00e4re. Das urspr\u00fcnglich fotografische Panorama wurde zu einem Video weiterentwickelt und mit der vor Ort aufgenommenen Original-Ger\u00e4uschkulisse kombiniert.<\/p><p data-start=\"491\" data-end=\"807\">Durch die Verbindung von Bild und Ton entsteht ein immersiver Eindruck der Location: Der Raum wird nicht nur gesehen, sondern auch h\u00f6rbar erfahrbar. Ger\u00e4usche, Hall und Umgebungsger\u00e4usche wirken dabei wie eine akustische Erweiterung des Bildes und vermitteln das Gef\u00fchl, sich selbst im Zentrum der Szene zu befinden.<\/p><p data-start=\"809\" data-end=\"996\">Das Werk bewegt sich zwischen Dokumentation und Installation \u2013 ein eingefrorener Moment, der durch Klang wieder lebendig wird und die Wahrnehmung von Raum, Zeit und Pr\u00e4senz neu verkn\u00fcpft.<\/p>\t\t\t\t\t\t\t\t<\/div>\n\t\t\t\t<\/div>\n\t\t\t\t\t<\/div>\n\t\t<\/div>\n\t\t\t\t\t<\/div>\n\t\t<\/section>\n\t\t\t\t<section class=\"elementor-section elementor-top-section elementor-element elementor-element-4730ab6 elementor-section-boxed elementor-section-height-default elementor-section-height-default\" data-id=\"4730ab6\" data-element_type=\"section\">\n\t\t\t\t\t\t<div class=\"elementor-container elementor-column-gap-default\">\n\t\t\t\t\t<div class=\"elementor-column elementor-col-100 elementor-top-column elementor-element elementor-element-2c6b539\" data-id=\"2c6b539\" data-element_type=\"column\">\n\t\t\t<div class=\"elementor-widget-wrap elementor-element-populated\">\n\t\t\t\t\t\t<div class=\"elementor-element elementor-element-2c105a2 elementor-widget elementor-widget-video\" data-id=\"2c105a2\" data-element_type=\"widget\" data-settings=\"{&quot;youtube_url&quot;:&quot;https:\\\/\\\/youtu.be\\\/3tWqHkE6kds&quot;,&quot;video_type&quot;:&quot;youtube&quot;,&quot;controls&quot;:&quot;yes&quot;}\" data-widget_type=\"video.default\">\n\t\t\t\t<div class=\"elementor-widget-container\">\n\t\t\t\t\t\t\t<div class=\"elementor-wrapper elementor-open-inline\">\n\t\t\t<div class=\"elementor-video\"><\/div>\t\t<\/div>\n\t\t\t\t\t\t<\/div>\n\t\t\t\t<\/div>\n\t\t\t\t\t<\/div>\n\t\t<\/div>\n\t\t\t\t\t<\/div>\n\t\t<\/section>\n\t\t\t\t<\/div>\n\t\t","protected":false},"excerpt":{"rendered":"<p>Peace &amp; Freedom \u2013 Interaktive Medienkunst-InstallationPeace &amp; Freedom ist eine interaktive Medienkunst-Installation in Form einer S\u00e4ule. Besucherinnen und Besucher k\u00f6nnen durch eine einfache Handlung zwischen audiovisuellen Sequenzen wechseln, die Krieg und Frieden gegen\u00fc berstellen. Die Arbeit macht den Zusammenhang zwischen individueller Entscheidung, medialer Wahrnehmung und &hellip; <a href=\"https:\/\/christofmartin.de\/?page_id=254\" class=\"more-link\"><span>Continue reading<span class=\"screen-reader-text\">New Media Art<\/span><\/span><\/a><\/p>\n","protected":false},"author":1,"featured_media":0,"parent":0,"menu_order":0,"comment_status":"closed","ping_status":"closed","template":"","meta":{"footnotes":""},"class_list":["post-254","page","type-page","status-publish","hentry"],"_links":{"self":[{"href":"https:\/\/christofmartin.de\/index.php?rest_route=\/wp\/v2\/pages\/254","targetHints":{"allow":["GET"]}}],"collection":[{"href":"https:\/\/christofmartin.de\/index.php?rest_route=\/wp\/v2\/pages"}],"about":[{"href":"https:\/\/christofmartin.de\/index.php?rest_route=\/wp\/v2\/types\/page"}],"author":[{"embeddable":true,"href":"https:\/\/christofmartin.de\/index.php?rest_route=\/wp\/v2\/users\/1"}],"replies":[{"embeddable":true,"href":"https:\/\/christofmartin.de\/index.php?rest_route=%2Fwp%2Fv2%2Fcomments&post=254"}],"version-history":[{"count":25,"href":"https:\/\/christofmartin.de\/index.php?rest_route=\/wp\/v2\/pages\/254\/revisions"}],"predecessor-version":[{"id":503,"href":"https:\/\/christofmartin.de\/index.php?rest_route=\/wp\/v2\/pages\/254\/revisions\/503"}],"wp:attachment":[{"href":"https:\/\/christofmartin.de\/index.php?rest_route=%2Fwp%2Fv2%2Fmedia&parent=254"}],"curies":[{"name":"wp","href":"https:\/\/api.w.org\/{rel}","templated":true}]}}