{"id":217,"date":"2026-01-18T19:56:46","date_gmt":"2026-01-18T19:56:46","guid":{"rendered":"https:\/\/christofmartin.de\/?page_id=217"},"modified":"2026-05-03T20:54:13","modified_gmt":"2026-05-03T20:54:13","slug":"mensch-im-raum","status":"publish","type":"page","link":"https:\/\/christofmartin.de\/","title":{"rendered":"Mensch im Raum"},"content":{"rendered":"\t\t<div data-elementor-type=\"wp-page\" data-elementor-id=\"217\" class=\"elementor elementor-217\">\n\t\t\t\t\t\t<section class=\"elementor-section elementor-top-section elementor-element elementor-element-9206fb0 elementor-section-boxed elementor-section-height-default elementor-section-height-default\" data-id=\"9206fb0\" data-element_type=\"section\">\n\t\t\t\t\t\t<div class=\"elementor-container elementor-column-gap-default\">\n\t\t\t\t\t<div class=\"elementor-column elementor-col-100 elementor-top-column elementor-element elementor-element-b2afb82\" data-id=\"b2afb82\" data-element_type=\"column\">\n\t\t\t<div class=\"elementor-widget-wrap elementor-element-populated\">\n\t\t\t\t\t\t<div class=\"elementor-element elementor-element-9148dd7 elementor-widget elementor-widget-text-editor\" data-id=\"9148dd7\" data-element_type=\"widget\" data-widget_type=\"text-editor.default\">\n\t\t\t\t<div class=\"elementor-widget-container\">\n\t\t\t\t\t\t\t\t\t<p><strong data-start=\"506\" data-end=\"524\">Mensch im Raum<\/strong> besch\u00e4ftigt sich mit der Beziehung zwischen Individuum und gebauter Umgebung. Der Mensch erscheint dabei nicht zwingend als Figur, sondern als Ma\u00dfstab, Spur oder gedachte Pr\u00e4senz.<br data-start=\"708\" data-end=\"711\" \/>Architektur, R\u00e4ume und Strukturen werden als aktive Systeme verstanden, die Verhalten, Bewegung und Wahrnehmung pr\u00e4gen. Die fotografischen Arbeiten thematisieren Ordnung, Abwesenheit und das Spannungsfeld zwischen pers\u00f6nlichem Raum und gesellschaftlicher Struktur.<\/p>\t\t\t\t\t\t\t\t<\/div>\n\t\t\t\t<\/div>\n\t\t\t\t<div class=\"elementor-element elementor-element-16db599 elementor-widget elementor-widget-image\" data-id=\"16db599\" data-element_type=\"widget\" data-widget_type=\"image.default\">\n\t\t\t\t<div class=\"elementor-widget-container\">\n\t\t\t\t\t\t\t\t\t\t\t\t\t\t\t<img fetchpriority=\"high\" decoding=\"async\" width=\"1000\" height=\"667\" src=\"https:\/\/christofmartin.de\/wp-content\/uploads\/2026\/01\/Perdita_In_Transiro-1024x683.jpg\" class=\"attachment-large size-large wp-image-223\" alt=\"\" srcset=\"https:\/\/christofmartin.de\/wp-content\/uploads\/2026\/01\/Perdita_In_Transiro-1024x683.jpg 1024w, https:\/\/christofmartin.de\/wp-content\/uploads\/2026\/01\/Perdita_In_Transiro-300x200.jpg 300w, https:\/\/christofmartin.de\/wp-content\/uploads\/2026\/01\/Perdita_In_Transiro-768x512.jpg 768w, https:\/\/christofmartin.de\/wp-content\/uploads\/2026\/01\/Perdita_In_Transiro-1536x1024.jpg 1536w, https:\/\/christofmartin.de\/wp-content\/uploads\/2026\/01\/Perdita_In_Transiro-2048x1365.jpg 2048w, https:\/\/christofmartin.de\/wp-content\/uploads\/2026\/01\/Perdita_In_Transiro-600x400.jpg 600w\" sizes=\"(max-width: 1000px) 100vw, 1000px\" \/>\t\t\t\t\t\t\t\t\t\t\t\t\t\t\t<\/div>\n\t\t\t\t<\/div>\n\t\t\t\t<div class=\"elementor-element elementor-element-dc9a5e5 elementor-widget elementor-widget-text-editor\" data-id=\"dc9a5e5\" data-element_type=\"widget\" data-widget_type=\"text-editor.default\">\n\t\t\t\t<div class=\"elementor-widget-container\">\n\t\t\t\t\t\t\t\t\t<p>Perdita en transiro<\/p>\t\t\t\t\t\t\t\t<\/div>\n\t\t\t\t<\/div>\n\t\t\t\t\t<\/div>\n\t\t<\/div>\n\t\t\t\t\t<\/div>\n\t\t<\/section>\n\t\t\t\t<section class=\"elementor-section elementor-top-section elementor-element elementor-element-05f6805 elementor-section-boxed elementor-section-height-default elementor-section-height-default\" data-id=\"05f6805\" data-element_type=\"section\">\n\t\t\t\t\t\t<div class=\"elementor-container elementor-column-gap-default\">\n\t\t\t\t\t<div class=\"elementor-column elementor-col-100 elementor-top-column elementor-element elementor-element-32310b0\" data-id=\"32310b0\" data-element_type=\"column\">\n\t\t\t<div class=\"elementor-widget-wrap elementor-element-populated\">\n\t\t\t\t\t\t<div class=\"elementor-element elementor-element-a85d90a elementor-widget elementor-widget-spacer\" data-id=\"a85d90a\" data-element_type=\"widget\" data-widget_type=\"spacer.default\">\n\t\t\t\t<div class=\"elementor-widget-container\">\n\t\t\t\t\t\t\t<div class=\"elementor-spacer\">\n\t\t\t<div class=\"elementor-spacer-inner\"><\/div>\n\t\t<\/div>\n\t\t\t\t\t\t<\/div>\n\t\t\t\t<\/div>\n\t\t\t\t<div class=\"elementor-element elementor-element-c490046 elementor-widget elementor-widget-image\" data-id=\"c490046\" data-element_type=\"widget\" data-widget_type=\"image.default\">\n\t\t\t\t<div class=\"elementor-widget-container\">\n\t\t\t\t\t\t\t\t\t\t\t\t\t\t\t<img decoding=\"async\" width=\"1000\" height=\"667\" src=\"https:\/\/christofmartin.de\/wp-content\/uploads\/2026\/01\/Gropiusstadt-Parkdeck-1024x683.jpg\" class=\"attachment-large size-large wp-image-220\" alt=\"\" srcset=\"https:\/\/christofmartin.de\/wp-content\/uploads\/2026\/01\/Gropiusstadt-Parkdeck-1024x683.jpg 1024w, https:\/\/christofmartin.de\/wp-content\/uploads\/2026\/01\/Gropiusstadt-Parkdeck-300x200.jpg 300w, https:\/\/christofmartin.de\/wp-content\/uploads\/2026\/01\/Gropiusstadt-Parkdeck-768x512.jpg 768w, https:\/\/christofmartin.de\/wp-content\/uploads\/2026\/01\/Gropiusstadt-Parkdeck-1536x1024.jpg 1536w, https:\/\/christofmartin.de\/wp-content\/uploads\/2026\/01\/Gropiusstadt-Parkdeck-2048x1365.jpg 2048w, https:\/\/christofmartin.de\/wp-content\/uploads\/2026\/01\/Gropiusstadt-Parkdeck-600x400.jpg 600w\" sizes=\"(max-width: 1000px) 100vw, 1000px\" \/>\t\t\t\t\t\t\t\t\t\t\t\t\t\t\t<\/div>\n\t\t\t\t<\/div>\n\t\t\t\t<div class=\"elementor-element elementor-element-e3c55a7 elementor-widget elementor-widget-text-editor\" data-id=\"e3c55a7\" data-element_type=\"widget\" data-widget_type=\"text-editor.default\">\n\t\t\t\t<div class=\"elementor-widget-container\">\n\t\t\t\t\t\t\t\t\t<p>Gropiusstadt, Parkdeck<\/p>\t\t\t\t\t\t\t\t<\/div>\n\t\t\t\t<\/div>\n\t\t\t\t\t<\/div>\n\t\t<\/div>\n\t\t\t\t\t<\/div>\n\t\t<\/section>\n\t\t\t\t<section class=\"elementor-section elementor-top-section elementor-element elementor-element-d2afe6a elementor-section-boxed elementor-section-height-default elementor-section-height-default\" data-id=\"d2afe6a\" data-element_type=\"section\">\n\t\t\t\t\t\t<div class=\"elementor-container elementor-column-gap-default\">\n\t\t\t\t\t<div class=\"elementor-column elementor-col-100 elementor-top-column elementor-element elementor-element-44b6045\" data-id=\"44b6045\" data-element_type=\"column\">\n\t\t\t<div class=\"elementor-widget-wrap elementor-element-populated\">\n\t\t\t\t\t\t<div class=\"elementor-element elementor-element-e1fadd8 elementor-widget elementor-widget-spacer\" data-id=\"e1fadd8\" data-element_type=\"widget\" data-widget_type=\"spacer.default\">\n\t\t\t\t<div class=\"elementor-widget-container\">\n\t\t\t\t\t\t\t<div class=\"elementor-spacer\">\n\t\t\t<div class=\"elementor-spacer-inner\"><\/div>\n\t\t<\/div>\n\t\t\t\t\t\t<\/div>\n\t\t\t\t<\/div>\n\t\t\t\t<div class=\"elementor-element elementor-element-8008124 elementor-widget elementor-widget-image\" data-id=\"8008124\" data-element_type=\"widget\" data-widget_type=\"image.default\">\n\t\t\t\t<div class=\"elementor-widget-container\">\n\t\t\t\t\t\t\t\t\t\t\t\t\t\t\t<img decoding=\"async\" width=\"1000\" height=\"750\" src=\"https:\/\/christofmartin.de\/wp-content\/uploads\/2026\/01\/Neukoelln-17.-Stock-1024x768.jpg\" class=\"attachment-large size-large wp-image-222\" alt=\"\" srcset=\"https:\/\/christofmartin.de\/wp-content\/uploads\/2026\/01\/Neukoelln-17.-Stock-1024x768.jpg 1024w, https:\/\/christofmartin.de\/wp-content\/uploads\/2026\/01\/Neukoelln-17.-Stock-300x225.jpg 300w, https:\/\/christofmartin.de\/wp-content\/uploads\/2026\/01\/Neukoelln-17.-Stock-768x576.jpg 768w, https:\/\/christofmartin.de\/wp-content\/uploads\/2026\/01\/Neukoelln-17.-Stock-1536x1153.jpg 1536w, https:\/\/christofmartin.de\/wp-content\/uploads\/2026\/01\/Neukoelln-17.-Stock-2048x1537.jpg 2048w, https:\/\/christofmartin.de\/wp-content\/uploads\/2026\/01\/Neukoelln-17.-Stock-600x450.jpg 600w\" sizes=\"(max-width: 1000px) 100vw, 1000px\" \/>\t\t\t\t\t\t\t\t\t\t\t\t\t\t\t<\/div>\n\t\t\t\t<\/div>\n\t\t\t\t<div class=\"elementor-element elementor-element-1aa4f2e elementor-widget elementor-widget-text-editor\" data-id=\"1aa4f2e\" data-element_type=\"widget\" data-widget_type=\"text-editor.default\">\n\t\t\t\t<div class=\"elementor-widget-container\">\n\t\t\t\t\t\t\t\t\t<p>Neuk\u00f6lln, 17. Stock<\/p>\t\t\t\t\t\t\t\t<\/div>\n\t\t\t\t<\/div>\n\t\t\t\t\t<\/div>\n\t\t<\/div>\n\t\t\t\t\t<\/div>\n\t\t<\/section>\n\t\t\t\t<section class=\"elementor-section elementor-top-section elementor-element elementor-element-dbb83be elementor-section-boxed elementor-section-height-default elementor-section-height-default\" data-id=\"dbb83be\" data-element_type=\"section\">\n\t\t\t\t\t\t<div class=\"elementor-container elementor-column-gap-default\">\n\t\t\t\t\t<div class=\"elementor-column elementor-col-100 elementor-top-column elementor-element elementor-element-c64c003\" data-id=\"c64c003\" data-element_type=\"column\">\n\t\t\t<div class=\"elementor-widget-wrap elementor-element-populated\">\n\t\t\t\t\t\t<div class=\"elementor-element elementor-element-eaa0b3e elementor-widget elementor-widget-spacer\" data-id=\"eaa0b3e\" data-element_type=\"widget\" data-widget_type=\"spacer.default\">\n\t\t\t\t<div class=\"elementor-widget-container\">\n\t\t\t\t\t\t\t<div class=\"elementor-spacer\">\n\t\t\t<div class=\"elementor-spacer-inner\"><\/div>\n\t\t<\/div>\n\t\t\t\t\t\t<\/div>\n\t\t\t\t<\/div>\n\t\t\t\t<div class=\"elementor-element elementor-element-1b62bea elementor-widget elementor-widget-image\" data-id=\"1b62bea\" data-element_type=\"widget\" data-widget_type=\"image.default\">\n\t\t\t\t<div class=\"elementor-widget-container\">\n\t\t\t\t\t\t\t\t\t\t\t\t\t\t\t<img loading=\"lazy\" decoding=\"async\" width=\"1000\" height=\"745\" src=\"https:\/\/christofmartin.de\/wp-content\/uploads\/2026\/01\/Horizontlinie-1024x763.jpg\" class=\"attachment-large size-large wp-image-221\" alt=\"\" srcset=\"https:\/\/christofmartin.de\/wp-content\/uploads\/2026\/01\/Horizontlinie-1024x763.jpg 1024w, https:\/\/christofmartin.de\/wp-content\/uploads\/2026\/01\/Horizontlinie-300x224.jpg 300w, https:\/\/christofmartin.de\/wp-content\/uploads\/2026\/01\/Horizontlinie-768x572.jpg 768w, https:\/\/christofmartin.de\/wp-content\/uploads\/2026\/01\/Horizontlinie-1536x1145.jpg 1536w, https:\/\/christofmartin.de\/wp-content\/uploads\/2026\/01\/Horizontlinie-2048x1526.jpg 2048w, https:\/\/christofmartin.de\/wp-content\/uploads\/2026\/01\/Horizontlinie-600x447.jpg 600w\" sizes=\"(max-width: 1000px) 100vw, 1000px\" \/>\t\t\t\t\t\t\t\t\t\t\t\t\t\t\t<\/div>\n\t\t\t\t<\/div>\n\t\t\t\t<div class=\"elementor-element elementor-element-6a7a5cc elementor-widget elementor-widget-text-editor\" data-id=\"6a7a5cc\" data-element_type=\"widget\" data-widget_type=\"text-editor.default\">\n\t\t\t\t<div class=\"elementor-widget-container\">\n\t\t\t\t\t\t\t\t\t<p>Horizontlinie<\/p>\t\t\t\t\t\t\t\t<\/div>\n\t\t\t\t<\/div>\n\t\t\t\t\t<\/div>\n\t\t<\/div>\n\t\t\t\t\t<\/div>\n\t\t<\/section>\n\t\t\t\t<section class=\"elementor-section elementor-top-section elementor-element elementor-element-b835556 elementor-section-boxed elementor-section-height-default elementor-section-height-default\" data-id=\"b835556\" data-element_type=\"section\">\n\t\t\t\t\t\t<div class=\"elementor-container elementor-column-gap-default\">\n\t\t\t\t\t<div class=\"elementor-column elementor-col-100 elementor-top-column elementor-element elementor-element-df1226d\" data-id=\"df1226d\" data-element_type=\"column\">\n\t\t\t<div class=\"elementor-widget-wrap elementor-element-populated\">\n\t\t\t\t\t\t<div class=\"elementor-element elementor-element-c4ad9b7 elementor-widget elementor-widget-spacer\" data-id=\"c4ad9b7\" data-element_type=\"widget\" data-widget_type=\"spacer.default\">\n\t\t\t\t<div class=\"elementor-widget-container\">\n\t\t\t\t\t\t\t<div class=\"elementor-spacer\">\n\t\t\t<div class=\"elementor-spacer-inner\"><\/div>\n\t\t<\/div>\n\t\t\t\t\t\t<\/div>\n\t\t\t\t<\/div>\n\t\t\t\t<div class=\"elementor-element elementor-element-8726ae1 elementor-widget elementor-widget-image\" data-id=\"8726ae1\" data-element_type=\"widget\" data-widget_type=\"image.default\">\n\t\t\t\t<div class=\"elementor-widget-container\">\n\t\t\t\t\t\t\t\t\t\t\t\t\t\t\t<img loading=\"lazy\" decoding=\"async\" width=\"1000\" height=\"739\" src=\"https:\/\/christofmartin.de\/wp-content\/uploads\/2026\/01\/Zwischenraeume-1024x757.jpg\" class=\"attachment-large size-large wp-image-225\" alt=\"\" srcset=\"https:\/\/christofmartin.de\/wp-content\/uploads\/2026\/01\/Zwischenraeume-1024x757.jpg 1024w, https:\/\/christofmartin.de\/wp-content\/uploads\/2026\/01\/Zwischenraeume-300x222.jpg 300w, https:\/\/christofmartin.de\/wp-content\/uploads\/2026\/01\/Zwischenraeume-768x568.jpg 768w, https:\/\/christofmartin.de\/wp-content\/uploads\/2026\/01\/Zwischenraeume-1536x1135.jpg 1536w, https:\/\/christofmartin.de\/wp-content\/uploads\/2026\/01\/Zwischenraeume-2048x1514.jpg 2048w, https:\/\/christofmartin.de\/wp-content\/uploads\/2026\/01\/Zwischenraeume-600x443.jpg 600w\" sizes=\"(max-width: 1000px) 100vw, 1000px\" \/>\t\t\t\t\t\t\t\t\t\t\t\t\t\t\t<\/div>\n\t\t\t\t<\/div>\n\t\t\t\t<div class=\"elementor-element elementor-element-03d499d elementor-widget elementor-widget-text-editor\" data-id=\"03d499d\" data-element_type=\"widget\" data-widget_type=\"text-editor.default\">\n\t\t\t\t<div class=\"elementor-widget-container\">\n\t\t\t\t\t\t\t\t\t<p>Zwischenr\u00e4ume<\/p>\t\t\t\t\t\t\t\t<\/div>\n\t\t\t\t<\/div>\n\t\t\t\t\t<\/div>\n\t\t<\/div>\n\t\t\t\t\t<\/div>\n\t\t<\/section>\n\t\t\t\t<section class=\"elementor-section elementor-top-section elementor-element elementor-element-a88438c elementor-section-boxed elementor-section-height-default elementor-section-height-default\" data-id=\"a88438c\" data-element_type=\"section\">\n\t\t\t\t\t\t<div class=\"elementor-container elementor-column-gap-default\">\n\t\t\t\t\t<div class=\"elementor-column elementor-col-100 elementor-top-column elementor-element elementor-element-394ec8e\" data-id=\"394ec8e\" data-element_type=\"column\">\n\t\t\t<div class=\"elementor-widget-wrap elementor-element-populated\">\n\t\t\t\t\t\t<div class=\"elementor-element elementor-element-fe381ac elementor-widget elementor-widget-spacer\" data-id=\"fe381ac\" data-element_type=\"widget\" data-widget_type=\"spacer.default\">\n\t\t\t\t<div class=\"elementor-widget-container\">\n\t\t\t\t\t\t\t<div class=\"elementor-spacer\">\n\t\t\t<div class=\"elementor-spacer-inner\"><\/div>\n\t\t<\/div>\n\t\t\t\t\t\t<\/div>\n\t\t\t\t<\/div>\n\t\t\t\t<div class=\"elementor-element elementor-element-7bcd9b0 elementor-widget elementor-widget-image\" data-id=\"7bcd9b0\" data-element_type=\"widget\" data-widget_type=\"image.default\">\n\t\t\t\t<div class=\"elementor-widget-container\">\n\t\t\t\t\t\t\t\t\t\t\t\t\t\t\t<img loading=\"lazy\" decoding=\"async\" width=\"1000\" height=\"667\" src=\"https:\/\/christofmartin.de\/wp-content\/uploads\/2026\/01\/Beruehrung-der-Zeit-1024x683.jpg\" class=\"attachment-large size-large wp-image-219\" alt=\"\" srcset=\"https:\/\/christofmartin.de\/wp-content\/uploads\/2026\/01\/Beruehrung-der-Zeit-1024x683.jpg 1024w, https:\/\/christofmartin.de\/wp-content\/uploads\/2026\/01\/Beruehrung-der-Zeit-300x200.jpg 300w, https:\/\/christofmartin.de\/wp-content\/uploads\/2026\/01\/Beruehrung-der-Zeit-768x512.jpg 768w, https:\/\/christofmartin.de\/wp-content\/uploads\/2026\/01\/Beruehrung-der-Zeit-1536x1024.jpg 1536w, https:\/\/christofmartin.de\/wp-content\/uploads\/2026\/01\/Beruehrung-der-Zeit-2048x1365.jpg 2048w, https:\/\/christofmartin.de\/wp-content\/uploads\/2026\/01\/Beruehrung-der-Zeit-600x400.jpg 600w\" sizes=\"(max-width: 1000px) 100vw, 1000px\" \/>\t\t\t\t\t\t\t\t\t\t\t\t\t\t\t<\/div>\n\t\t\t\t<\/div>\n\t\t\t\t<div class=\"elementor-element elementor-element-ac35daa elementor-widget elementor-widget-text-editor\" data-id=\"ac35daa\" data-element_type=\"widget\" data-widget_type=\"text-editor.default\">\n\t\t\t\t<div class=\"elementor-widget-container\">\n\t\t\t\t\t\t\t\t\t<p>Ber\u00fchrung der Zeit<\/p>\t\t\t\t\t\t\t\t<\/div>\n\t\t\t\t<\/div>\n\t\t\t\t\t<\/div>\n\t\t<\/div>\n\t\t\t\t\t<\/div>\n\t\t<\/section>\n\t\t\t\t<section class=\"elementor-section elementor-top-section elementor-element elementor-element-a4464f4 elementor-section-boxed elementor-section-height-default elementor-section-height-default\" data-id=\"a4464f4\" data-element_type=\"section\">\n\t\t\t\t\t\t<div class=\"elementor-container elementor-column-gap-default\">\n\t\t\t\t\t<div class=\"elementor-column elementor-col-100 elementor-top-column elementor-element elementor-element-0d03f8a\" data-id=\"0d03f8a\" data-element_type=\"column\">\n\t\t\t<div class=\"elementor-widget-wrap elementor-element-populated\">\n\t\t\t\t\t\t<div class=\"elementor-element elementor-element-c3dbf23 elementor-widget elementor-widget-spacer\" data-id=\"c3dbf23\" data-element_type=\"widget\" data-widget_type=\"spacer.default\">\n\t\t\t\t<div class=\"elementor-widget-container\">\n\t\t\t\t\t\t\t<div class=\"elementor-spacer\">\n\t\t\t<div class=\"elementor-spacer-inner\"><\/div>\n\t\t<\/div>\n\t\t\t\t\t\t<\/div>\n\t\t\t\t<\/div>\n\t\t\t\t<div class=\"elementor-element elementor-element-f30f752 elementor-widget elementor-widget-image\" data-id=\"f30f752\" data-element_type=\"widget\" data-widget_type=\"image.default\">\n\t\t\t\t<div class=\"elementor-widget-container\">\n\t\t\t\t\t\t\t\t\t\t\t\t\t\t\t<img loading=\"lazy\" decoding=\"async\" width=\"1000\" height=\"750\" src=\"https:\/\/christofmartin.de\/wp-content\/uploads\/2026\/01\/Urban-Pulse-1024x768.jpg\" class=\"attachment-large size-large wp-image-224\" alt=\"\" srcset=\"https:\/\/christofmartin.de\/wp-content\/uploads\/2026\/01\/Urban-Pulse-1024x768.jpg 1024w, https:\/\/christofmartin.de\/wp-content\/uploads\/2026\/01\/Urban-Pulse-300x225.jpg 300w, https:\/\/christofmartin.de\/wp-content\/uploads\/2026\/01\/Urban-Pulse-768x576.jpg 768w, https:\/\/christofmartin.de\/wp-content\/uploads\/2026\/01\/Urban-Pulse-1536x1152.jpg 1536w, https:\/\/christofmartin.de\/wp-content\/uploads\/2026\/01\/Urban-Pulse-2048x1536.jpg 2048w, https:\/\/christofmartin.de\/wp-content\/uploads\/2026\/01\/Urban-Pulse-600x450.jpg 600w\" sizes=\"(max-width: 1000px) 100vw, 1000px\" \/>\t\t\t\t\t\t\t\t\t\t\t\t\t\t\t<\/div>\n\t\t\t\t<\/div>\n\t\t\t\t<div class=\"elementor-element elementor-element-40ca86c elementor-widget elementor-widget-text-editor\" data-id=\"40ca86c\" data-element_type=\"widget\" data-widget_type=\"text-editor.default\">\n\t\t\t\t<div class=\"elementor-widget-container\">\n\t\t\t\t\t\t\t\t\t<p>Urban Pulse<\/p>\t\t\t\t\t\t\t\t<\/div>\n\t\t\t\t<\/div>\n\t\t\t\t\t<\/div>\n\t\t<\/div>\n\t\t\t\t\t<\/div>\n\t\t<\/section>\n\t\t\t\t<section class=\"elementor-section elementor-top-section elementor-element elementor-element-cfa58c3 elementor-section-boxed elementor-section-height-default elementor-section-height-default\" data-id=\"cfa58c3\" data-element_type=\"section\">\n\t\t\t\t\t\t<div class=\"elementor-container elementor-column-gap-default\">\n\t\t\t\t\t<div class=\"elementor-column elementor-col-100 elementor-top-column elementor-element elementor-element-f254441\" data-id=\"f254441\" data-element_type=\"column\">\n\t\t\t<div class=\"elementor-widget-wrap elementor-element-populated\">\n\t\t\t\t\t\t<div class=\"elementor-element elementor-element-c32f4d8 elementor-widget elementor-widget-image\" data-id=\"c32f4d8\" data-element_type=\"widget\" data-widget_type=\"image.default\">\n\t\t\t\t<div class=\"elementor-widget-container\">\n\t\t\t\t\t\t\t\t\t\t\t\t\t\t\t<img loading=\"lazy\" decoding=\"async\" width=\"1000\" height=\"668\" src=\"https:\/\/christofmartin.de\/wp-content\/uploads\/2026\/05\/Ausgestellt-1024x684.jpg\" class=\"attachment-large size-large wp-image-512\" alt=\"\" srcset=\"https:\/\/christofmartin.de\/wp-content\/uploads\/2026\/05\/Ausgestellt-1024x684.jpg 1024w, https:\/\/christofmartin.de\/wp-content\/uploads\/2026\/05\/Ausgestellt-300x200.jpg 300w, https:\/\/christofmartin.de\/wp-content\/uploads\/2026\/05\/Ausgestellt-768x513.jpg 768w, https:\/\/christofmartin.de\/wp-content\/uploads\/2026\/05\/Ausgestellt-1536x1025.jpg 1536w, https:\/\/christofmartin.de\/wp-content\/uploads\/2026\/05\/Ausgestellt-2048x1367.jpg 2048w, https:\/\/christofmartin.de\/wp-content\/uploads\/2026\/05\/Ausgestellt-600x401.jpg 600w\" sizes=\"(max-width: 1000px) 100vw, 1000px\" \/>\t\t\t\t\t\t\t\t\t\t\t\t\t\t\t<\/div>\n\t\t\t\t<\/div>\n\t\t\t\t<div class=\"elementor-element elementor-element-132c508 elementor-widget elementor-widget-text-editor\" data-id=\"132c508\" data-element_type=\"widget\" data-widget_type=\"text-editor.default\">\n\t\t\t\t<div class=\"elementor-widget-container\">\n\t\t\t\t\t\t\t\t\t<p>Ausgestellt<\/p>\t\t\t\t\t\t\t\t<\/div>\n\t\t\t\t<\/div>\n\t\t\t\t\t<\/div>\n\t\t<\/div>\n\t\t\t\t\t<\/div>\n\t\t<\/section>\n\t\t\t\t<section class=\"elementor-section elementor-top-section elementor-element elementor-element-01f70ab elementor-section-boxed elementor-section-height-default elementor-section-height-default\" data-id=\"01f70ab\" data-element_type=\"section\">\n\t\t\t\t\t\t<div class=\"elementor-container elementor-column-gap-default\">\n\t\t\t\t\t<div class=\"elementor-column elementor-col-100 elementor-top-column elementor-element elementor-element-f923390\" data-id=\"f923390\" data-element_type=\"column\">\n\t\t\t<div class=\"elementor-widget-wrap elementor-element-populated\">\n\t\t\t\t\t\t<div class=\"elementor-element elementor-element-1eae68e elementor-widget__width-initial elementor-widget elementor-widget-image\" data-id=\"1eae68e\" data-element_type=\"widget\" data-widget_type=\"image.default\">\n\t\t\t\t<div class=\"elementor-widget-container\">\n\t\t\t\t\t\t\t\t\t\t\t\t\t\t\t<img loading=\"lazy\" decoding=\"async\" width=\"1000\" height=\"672\" src=\"https:\/\/christofmartin.de\/wp-content\/uploads\/2026\/05\/Spannung_im_Raum-1-1024x688.jpg\" class=\"attachment-large size-large wp-image-524\" alt=\"\" srcset=\"https:\/\/christofmartin.de\/wp-content\/uploads\/2026\/05\/Spannung_im_Raum-1-1024x688.jpg 1024w, https:\/\/christofmartin.de\/wp-content\/uploads\/2026\/05\/Spannung_im_Raum-1-300x202.jpg 300w, https:\/\/christofmartin.de\/wp-content\/uploads\/2026\/05\/Spannung_im_Raum-1-768x516.jpg 768w, https:\/\/christofmartin.de\/wp-content\/uploads\/2026\/05\/Spannung_im_Raum-1-1536x1032.jpg 1536w, https:\/\/christofmartin.de\/wp-content\/uploads\/2026\/05\/Spannung_im_Raum-1-2048x1376.jpg 2048w, https:\/\/christofmartin.de\/wp-content\/uploads\/2026\/05\/Spannung_im_Raum-1-600x403.jpg 600w\" sizes=\"(max-width: 1000px) 100vw, 1000px\" \/>\t\t\t\t\t\t\t\t\t\t\t\t\t\t\t<\/div>\n\t\t\t\t<\/div>\n\t\t\t\t<div class=\"elementor-element elementor-element-c187820 elementor-widget elementor-widget-text-editor\" data-id=\"c187820\" data-element_type=\"widget\" data-widget_type=\"text-editor.default\">\n\t\t\t\t<div class=\"elementor-widget-container\">\n\t\t\t\t\t\t\t\t\t<p>Spannung im Raum<\/p>\t\t\t\t\t\t\t\t<\/div>\n\t\t\t\t<\/div>\n\t\t\t\t\t<\/div>\n\t\t<\/div>\n\t\t\t\t\t<\/div>\n\t\t<\/section>\n\t\t\t\t<section class=\"elementor-section elementor-top-section elementor-element elementor-element-6598339 elementor-section-boxed elementor-section-height-default elementor-section-height-default\" data-id=\"6598339\" data-element_type=\"section\">\n\t\t\t\t\t\t<div class=\"elementor-container elementor-column-gap-default\">\n\t\t\t\t\t<div class=\"elementor-column elementor-col-100 elementor-top-column elementor-element elementor-element-9a77d3a\" data-id=\"9a77d3a\" data-element_type=\"column\">\n\t\t\t<div class=\"elementor-widget-wrap elementor-element-populated\">\n\t\t\t\t\t\t<div class=\"elementor-element elementor-element-563d99a elementor-widget elementor-widget-image\" data-id=\"563d99a\" data-element_type=\"widget\" data-widget_type=\"image.default\">\n\t\t\t\t<div class=\"elementor-widget-container\">\n\t\t\t\t\t\t\t\t\t\t\t\t\t\t\t<img loading=\"lazy\" decoding=\"async\" width=\"1000\" height=\"667\" src=\"https:\/\/christofmartin.de\/wp-content\/uploads\/2026\/05\/Warten_in_Bewegung-1024x683.jpg\" class=\"attachment-large size-large wp-image-519\" alt=\"\" srcset=\"https:\/\/christofmartin.de\/wp-content\/uploads\/2026\/05\/Warten_in_Bewegung-1024x683.jpg 1024w, https:\/\/christofmartin.de\/wp-content\/uploads\/2026\/05\/Warten_in_Bewegung-300x200.jpg 300w, https:\/\/christofmartin.de\/wp-content\/uploads\/2026\/05\/Warten_in_Bewegung-768x513.jpg 768w, https:\/\/christofmartin.de\/wp-content\/uploads\/2026\/05\/Warten_in_Bewegung-1536x1025.jpg 1536w, https:\/\/christofmartin.de\/wp-content\/uploads\/2026\/05\/Warten_in_Bewegung-2048x1367.jpg 2048w, https:\/\/christofmartin.de\/wp-content\/uploads\/2026\/05\/Warten_in_Bewegung-600x400.jpg 600w\" sizes=\"(max-width: 1000px) 100vw, 1000px\" \/>\t\t\t\t\t\t\t\t\t\t\t\t\t\t\t<\/div>\n\t\t\t\t<\/div>\n\t\t\t\t<div class=\"elementor-element elementor-element-cfe376b elementor-widget elementor-widget-text-editor\" data-id=\"cfe376b\" data-element_type=\"widget\" data-widget_type=\"text-editor.default\">\n\t\t\t\t<div class=\"elementor-widget-container\">\n\t\t\t\t\t\t\t\t\t<p>Warten in Bewegung<\/p>\t\t\t\t\t\t\t\t<\/div>\n\t\t\t\t<\/div>\n\t\t\t\t\t<\/div>\n\t\t<\/div>\n\t\t\t\t\t<\/div>\n\t\t<\/section>\n\t\t\t\t<\/div>\n\t\t","protected":false},"excerpt":{"rendered":"<p>Mensch im Raum besch\u00e4ftigt sich mit der Beziehung zwischen Individuum und gebauter Umgebung. Der Mensch erscheint dabei nicht zwingend als Figur, sondern als Ma\u00dfstab, Spur oder gedachte Pr\u00e4senz.Architektur, R\u00e4ume und Strukturen werden als aktive Systeme verstanden, die Verhalten, Bewegung und Wahrnehmung pr\u00e4gen. Die fotografischen Arbeiten &hellip; <a href=\"https:\/\/christofmartin.de\/\" class=\"more-link\"><span>Continue reading<span class=\"screen-reader-text\">Mensch im Raum<\/span><\/span><\/a><\/p>\n","protected":false},"author":1,"featured_media":0,"parent":0,"menu_order":0,"comment_status":"closed","ping_status":"closed","template":"","meta":{"footnotes":""},"class_list":["post-217","page","type-page","status-publish","hentry"],"_links":{"self":[{"href":"https:\/\/christofmartin.de\/index.php?rest_route=\/wp\/v2\/pages\/217","targetHints":{"allow":["GET"]}}],"collection":[{"href":"https:\/\/christofmartin.de\/index.php?rest_route=\/wp\/v2\/pages"}],"about":[{"href":"https:\/\/christofmartin.de\/index.php?rest_route=\/wp\/v2\/types\/page"}],"author":[{"embeddable":true,"href":"https:\/\/christofmartin.de\/index.php?rest_route=\/wp\/v2\/users\/1"}],"replies":[{"embeddable":true,"href":"https:\/\/christofmartin.de\/index.php?rest_route=%2Fwp%2Fv2%2Fcomments&post=217"}],"version-history":[{"count":31,"href":"https:\/\/christofmartin.de\/index.php?rest_route=\/wp\/v2\/pages\/217\/revisions"}],"predecessor-version":[{"id":527,"href":"https:\/\/christofmartin.de\/index.php?rest_route=\/wp\/v2\/pages\/217\/revisions\/527"}],"wp:attachment":[{"href":"https:\/\/christofmartin.de\/index.php?rest_route=%2Fwp%2Fv2%2Fmedia&parent=217"}],"curies":[{"name":"wp","href":"https:\/\/api.w.org\/{rel}","templated":true}]}}